{"id":1049,"date":"2021-10-26T08:43:03","date_gmt":"2021-10-26T08:43:03","guid":{"rendered":"https:\/\/www.centreoasis.fr\/?page_id=1049"},"modified":"2021-10-26T09:29:12","modified_gmt":"2021-10-26T09:29:12","slug":"politique-de-confidentialite","status":"publish","type":"page","link":"https:\/\/www.centreoasis.fr\/index.php\/politique-de-confidentialite\/","title":{"rendered":"Politique de confidentialit\u00e9"},"content":{"rendered":"\t\t<div data-elementor-type=\"wp-page\" data-elementor-id=\"1049\" class=\"elementor elementor-1049\" data-elementor-settings=\"[]\">\n\t\t\t\t\t\t<div class=\"elementor-inner\">\n\t\t\t\t\t\t\t<div class=\"elementor-section-wrap\">\n\t\t\t\t\t\t\t<section class=\"elementor-section elementor-top-section elementor-element elementor-element-da00921 elementor-section-boxed elementor-section-height-default elementor-section-height-default\" data-id=\"da00921\" data-element_type=\"section\" data-settings=\"{&quot;background_background&quot;:&quot;classic&quot;}\">\n\t\t\t\t\t\t<div class=\"elementor-container elementor-column-gap-default\">\n\t\t\t\t\t\t\t<div class=\"elementor-row\">\n\t\t\t\t\t<div class=\"elementor-column elementor-col-100 elementor-top-column elementor-element elementor-element-f1bb95e\" data-id=\"f1bb95e\" data-element_type=\"column\">\n\t\t\t<div class=\"elementor-column-wrap elementor-element-populated\">\n\t\t\t\t\t\t\t<div class=\"elementor-widget-wrap\">\n\t\t\t\t\t\t<div class=\"elementor-element elementor-element-9de2476 elementor-widget elementor-widget-heading\" data-id=\"9de2476\" data-element_type=\"widget\" data-widget_type=\"heading.default\">\n\t\t\t\t<div class=\"elementor-widget-container\">\n\t\t\t<h1 class=\"elementor-heading-title elementor-size-default\">Politique de confidentialit\u00e9<\/h1>\t\t<\/div>\n\t\t\t\t<\/div>\n\t\t\t\t<div class=\"elementor-element elementor-element-b160cc0 elementor-widget elementor-widget-heading\" data-id=\"b160cc0\" data-element_type=\"widget\" data-widget_type=\"heading.default\">\n\t\t\t\t<div class=\"elementor-widget-container\">\n\t\t\t<h2 class=\"elementor-heading-title elementor-size-default\">1. D\u00e9finitions<\/h2>\t\t<\/div>\n\t\t\t\t<\/div>\n\t\t\t\t<div class=\"elementor-element elementor-element-2ce5da8 elementor-widget elementor-widget-text-editor\" data-id=\"2ce5da8\" data-element_type=\"widget\" data-widget_type=\"text-editor.default\">\n\t\t\t\t<div class=\"elementor-widget-container\">\n\t\t\t\t\t\t\t\t<div class=\"elementor-text-editor elementor-clearfix\">\n\t\t\t\t<p><span style=\"font-weight: 400;\">Le Site : fait r\u00e9f\u00e9rence au site internet de <strong>Centre Oasis<\/strong><\/span><span style=\"font-weight: 400;\">, accessible \u00e0 l&rsquo;adresse suivante : <\/span><b>www.centreoasis.fr<\/b><span style=\"font-weight: 400;\">.<\/span><\/p><p><span style=\"font-weight: 400;\">L\u2019Utilisateur : fait r\u00e9f\u00e9rence au visiteur du site internet de <strong>Centre Oasis<\/strong><\/span><b>.<\/b><\/p>\t\t\t\t\t<\/div>\n\t\t\t\t\t\t<\/div>\n\t\t\t\t<\/div>\n\t\t\t\t<div class=\"elementor-element elementor-element-f44b7c5 elementor-widget elementor-widget-heading\" data-id=\"f44b7c5\" data-element_type=\"widget\" data-widget_type=\"heading.default\">\n\t\t\t\t<div class=\"elementor-widget-container\">\n\t\t\t<h2 class=\"elementor-heading-title elementor-size-default\">2 - Donn\u00e9es collect\u00e9es et trait\u00e9es<\/h2>\t\t<\/div>\n\t\t\t\t<\/div>\n\t\t\t\t<div class=\"elementor-element elementor-element-ce4d328 elementor-widget elementor-widget-text-editor\" data-id=\"ce4d328\" data-element_type=\"widget\" data-widget_type=\"text-editor.default\">\n\t\t\t\t<div class=\"elementor-widget-container\">\n\t\t\t\t\t\t\t\t<div class=\"elementor-text-editor elementor-clearfix\">\n\t\t\t\t<p><span style=\"font-weight: 400;\">Conform\u00e9ment aux dispositions de l&rsquo;article 5 du R\u00e8glement Europ\u00e9en 2016\/679, la collecte et le traitement des donn\u00e9es des utilisateurs du Site respectent les principes suivants :<\/span><\/p>\t\t\t\t\t<\/div>\n\t\t\t\t\t\t<\/div>\n\t\t\t\t<\/div>\n\t\t\t\t<div class=\"elementor-element elementor-element-2635e49 elementor-widget elementor-widget-text-editor\" data-id=\"2635e49\" data-element_type=\"widget\" data-widget_type=\"text-editor.default\">\n\t\t\t\t<div class=\"elementor-widget-container\">\n\t\t\t\t\t\t\t\t<div class=\"elementor-text-editor elementor-clearfix\">\n\t\t\t\t<ul><li style=\"font-weight: 400;\" aria-level=\"1\"><span style=\"font-weight: 400;\">lic\u00e9it\u00e9, loyaut\u00e9 et transparence : les donn\u00e9es ne peuvent \u00eatre collect\u00e9es et trait\u00e9es qu&rsquo;avec le consentement de l&rsquo;utilisateur, propri\u00e9taire des donn\u00e9es. \u00c0 chaque fois que des donn\u00e9es \u00e0 caract\u00e8re personnel sont collect\u00e9es, il sera indiqu\u00e9 \u00e0 l&rsquo;Utilisateur que ses donn\u00e9es sont collect\u00e9es, et pour quelles raisons ses donn\u00e9es sont collect\u00e9es ;<\/span><\/li><li style=\"font-weight: 400;\" aria-level=\"1\"><span style=\"font-weight: 400;\">finalit\u00e9s limit\u00e9es : la collecte et le traitement des donn\u00e9es sont ex\u00e9cut\u00e9s pour r\u00e9pondre \u00e0 un ou plusieurs objectifs d\u00e9termin\u00e9s dans les pr\u00e9sentes mentions ;<\/span><\/li><li style=\"font-weight: 400;\" aria-level=\"1\"><span style=\"font-weight: 400;\">minimisation de la collecte et du traitement des donn\u00e9es : seules les donn\u00e9es n\u00e9cessaires \u00e0 la bonne ex\u00e9cution des objectifs poursuivis par le Site sont collect\u00e9es ;<\/span><\/li><li style=\"font-weight: 400;\" aria-level=\"1\"><span style=\"font-weight: 400;\">conservation des donn\u00e9es r\u00e9duites dans le temps : les donn\u00e9es sont conserv\u00e9es pour une dur\u00e9e limit\u00e9e, dont l&rsquo;Utilisateur est inform\u00e9. Lorsque cette information ne peut \u00eatre communiqu\u00e9e, l&rsquo;Utilisateur est inform\u00e9 des crit\u00e8res utilis\u00e9s pour d\u00e9terminer la dur\u00e9e de conservation ;<\/span><\/li><li style=\"font-weight: 400;\" aria-level=\"1\"><span style=\"font-weight: 400;\">int\u00e9grit\u00e9 et confidentialit\u00e9 des donn\u00e9es collect\u00e9es et trait\u00e9es : le responsable du traitement des donn\u00e9es s&rsquo;engage \u00e0 garantir l&rsquo;int\u00e9grit\u00e9 et la confidentialit\u00e9 des donn\u00e9es collect\u00e9es.<\/span><\/li><\/ul>\t\t\t\t\t<\/div>\n\t\t\t\t\t\t<\/div>\n\t\t\t\t<\/div>\n\t\t\t\t<div class=\"elementor-element elementor-element-67e4297 elementor-widget elementor-widget-text-editor\" data-id=\"67e4297\" data-element_type=\"widget\" data-widget_type=\"text-editor.default\">\n\t\t\t\t<div class=\"elementor-widget-container\">\n\t\t\t\t\t\t\t\t<div class=\"elementor-text-editor elementor-clearfix\">\n\t\t\t\t<p><span style=\"font-weight: 400;\">Afin d&rsquo;\u00eatre licite, et ce conform\u00e9ment aux exigences de l&rsquo;article 6 du r\u00e8glement europ\u00e9en 2016\/679, la collecte et le traitement des donn\u00e9es \u00e0 caract\u00e8re personnel ne pourront intervenir que s&rsquo;ils respectent au moins l&rsquo;une des conditions ci-apr\u00e8s \u00e9num\u00e9r\u00e9es :<\/span><\/p>\t\t\t\t\t<\/div>\n\t\t\t\t\t\t<\/div>\n\t\t\t\t<\/div>\n\t\t\t\t<div class=\"elementor-element elementor-element-cceed1b elementor-widget elementor-widget-text-editor\" data-id=\"cceed1b\" data-element_type=\"widget\" data-widget_type=\"text-editor.default\">\n\t\t\t\t<div class=\"elementor-widget-container\">\n\t\t\t\t\t\t\t\t<div class=\"elementor-text-editor elementor-clearfix\">\n\t\t\t\t<ul><li style=\"font-weight: 400;\" aria-level=\"1\"><span style=\"font-weight: 400;\">l&rsquo;utilisateur a express\u00e9ment consenti au traitement ;<\/span><\/li><li style=\"font-weight: 400;\" aria-level=\"1\"><span style=\"font-weight: 400;\">le traitement est n\u00e9cessaire \u00e0 la bonne ex\u00e9cution d&rsquo;un contrat ;<\/span><\/li><li style=\"font-weight: 400;\" aria-level=\"1\"><span style=\"font-weight: 400;\">le traitement r\u00e9pond \u00e0 une obligation l\u00e9gale ;<\/span><\/li><li style=\"font-weight: 400;\" aria-level=\"1\"><span style=\"font-weight: 400;\">le traitement s&rsquo;explique par une n\u00e9cessit\u00e9 li\u00e9e \u00e0 la sauvegarde des int\u00e9r\u00eats vitaux de la personne concern\u00e9e ou d&rsquo;une autre personne physique ;<\/span><\/li><li style=\"font-weight: 400;\" aria-level=\"1\"><span style=\"font-weight: 400;\">le traitement peut s&rsquo;expliquer par une n\u00e9cessit\u00e9 li\u00e9e \u00e0 l&rsquo;ex\u00e9cution d&rsquo;une mission d&rsquo;int\u00e9r\u00eat public ou qui rel\u00e8ve de l&rsquo;exercice de l&rsquo;autorit\u00e9 publique ;<\/span><\/li><li style=\"font-weight: 400;\" aria-level=\"1\"><span style=\"font-weight: 400;\">le traitement et la collecte des donn\u00e9es \u00e0 caract\u00e8re personnel sont n\u00e9cessaires aux fins des int\u00e9r\u00eats l\u00e9gitimes et priv\u00e9s poursuivis par le responsable du traitement ou par un tiers.<\/span><\/li><\/ul>\t\t\t\t\t<\/div>\n\t\t\t\t\t\t<\/div>\n\t\t\t\t<\/div>\n\t\t\t\t<div class=\"elementor-element elementor-element-f26e805 elementor-widget elementor-widget-text-editor\" data-id=\"f26e805\" data-element_type=\"widget\" data-widget_type=\"text-editor.default\">\n\t\t\t\t<div class=\"elementor-widget-container\">\n\t\t\t\t\t\t\t\t<div class=\"elementor-text-editor elementor-clearfix\">\n\t\t\t\t<p><span style=\"font-weight: 400;\">Les donn\u00e9es \u00e0 caract\u00e8re personnel collect\u00e9es sur le site de <strong>Centre Oasis<\/strong><\/span><span style=\"font-weight: 400;\">\u00a0sont les suivantes :<\/span><\/p>\t\t\t\t\t<\/div>\n\t\t\t\t\t\t<\/div>\n\t\t\t\t<\/div>\n\t\t\t\t<div class=\"elementor-element elementor-element-823e918 elementor-widget elementor-widget-text-editor\" data-id=\"823e918\" data-element_type=\"widget\" data-widget_type=\"text-editor.default\">\n\t\t\t\t<div class=\"elementor-widget-container\">\n\t\t\t\t\t\t\t\t<div class=\"elementor-text-editor elementor-clearfix\">\n\t\t\t\t<ul><li style=\"font-weight: 400;\" aria-level=\"1\"><span style=\"font-weight: 400;\">nom ;<\/span><\/li><li style=\"font-weight: 400;\" aria-level=\"1\"><span style=\"font-weight: 400;\">pr\u00e9nom ;<\/span><\/li><li style=\"font-weight: 400;\" aria-level=\"1\"><span style=\"font-weight: 400;\">t\u00e9l\u00e9phone ;<\/span><\/li><li style=\"font-weight: 400;\" aria-level=\"1\"><span style=\"font-weight: 400;\">adresse mail.<\/span><\/li><\/ul>\t\t\t\t\t<\/div>\n\t\t\t\t\t\t<\/div>\n\t\t\t\t<\/div>\n\t\t\t\t<div class=\"elementor-element elementor-element-af247ab elementor-widget elementor-widget-text-editor\" data-id=\"af247ab\" data-element_type=\"widget\" data-widget_type=\"text-editor.default\">\n\t\t\t\t<div class=\"elementor-widget-container\">\n\t\t\t\t\t\t\t\t<div class=\"elementor-text-editor elementor-clearfix\">\n\t\t\t\t<p><span style=\"font-weight: 400;\">Ces donn\u00e9es sont collect\u00e9es lorsque l&rsquo;Utilisateur effectue une demande de contact via le formulaire de contact.<\/span><\/p><p><span style=\"font-weight: 400;\">Le responsable du traitement conservera dans ses syst\u00e8mes informatiques et dans des conditions raisonnables de s\u00e9curit\u00e9 l&rsquo;ensemble des donn\u00e9es collect\u00e9es pour une dur\u00e9e de 1 an.<\/span><\/p><p><span style=\"font-weight: 400;\">La collecte et le traitement des donn\u00e9es r\u00e9pondent aux besoins n\u00e9cessaires pour \u00e9tablir un contact avec l\u2019Utilisateur ayant souhait\u00e9 effectuer sa demande par le biais du formulaire de contact.<\/span><\/p>\t\t\t\t\t<\/div>\n\t\t\t\t\t\t<\/div>\n\t\t\t\t<\/div>\n\t\t\t\t<div class=\"elementor-element elementor-element-d796b11 elementor-widget elementor-widget-heading\" data-id=\"d796b11\" data-element_type=\"widget\" data-widget_type=\"heading.default\">\n\t\t\t\t<div class=\"elementor-widget-container\">\n\t\t\t<h2 class=\"elementor-heading-title elementor-size-default\">3 - Droits de l'utilisateur et proc\u00e9dures de mise en oeuvre des droits de l'utilisateur<\/h2>\t\t<\/div>\n\t\t\t\t<\/div>\n\t\t\t\t<div class=\"elementor-element elementor-element-5c8c4ae elementor-widget elementor-widget-text-editor\" data-id=\"5c8c4ae\" data-element_type=\"widget\" data-widget_type=\"text-editor.default\">\n\t\t\t\t<div class=\"elementor-widget-container\">\n\t\t\t\t\t\t\t\t<div class=\"elementor-text-editor elementor-clearfix\">\n\t\t\t\t<p><span style=\"font-weight: 400;\">Conform\u00e9ment \u00e0 la r\u00e9glementation concernant le traitement des donn\u00e9es \u00e0 caract\u00e8re personnel, l&rsquo;Utilisateur poss\u00e8de les droits ci-apr\u00e8s \u00e9num\u00e9r\u00e9s.<\/span><\/p><p><span style=\"font-weight: 400;\">Afin que le responsable du traitement des donn\u00e9es fasse droit \u00e0 se demande, l&rsquo;Utilisateur est tenu de lui communiquer : ses pr\u00e9nom et nom ainsi que son adresse e-mail.<\/span><\/p><p><span style=\"font-weight: 400;\">Le responsable du traitement des donn\u00e9es est tenu de r\u00e9pondre \u00e0 l&rsquo;Utilisateur dans un d\u00e9lai de 30 jours maximum.<\/span><\/p>\t\t\t\t\t<\/div>\n\t\t\t\t\t\t<\/div>\n\t\t\t\t<\/div>\n\t\t\t\t<div class=\"elementor-element elementor-element-2b1a252 elementor-widget elementor-widget-heading\" data-id=\"2b1a252\" data-element_type=\"widget\" data-widget_type=\"heading.default\">\n\t\t\t\t<div class=\"elementor-widget-container\">\n\t\t\t<h3 class=\"elementor-heading-title elementor-size-default\">3.1 - Droit d'acc\u00e8s, de rectification et \u00e0 l'oubli<\/h3>\t\t<\/div>\n\t\t\t\t<\/div>\n\t\t\t\t<div class=\"elementor-element elementor-element-a1242fa elementor-widget elementor-widget-text-editor\" data-id=\"a1242fa\" data-element_type=\"widget\" data-widget_type=\"text-editor.default\">\n\t\t\t\t<div class=\"elementor-widget-container\">\n\t\t\t\t\t\t\t\t<div class=\"elementor-text-editor elementor-clearfix\">\n\t\t\t\t<p><span style=\"font-weight: 400;\">L&rsquo;Utilisateur peut prendre connaissance, mettre \u00e0 jour, modifier ou demander la suppression des donn\u00e9es le concernant sur simple demande \u00e0 l&rsquo;adresse e-mail suivante : <\/span><b>centreoasis@centreoasis.fr<\/b><\/p>\t\t\t\t\t<\/div>\n\t\t\t\t\t\t<\/div>\n\t\t\t\t<\/div>\n\t\t\t\t<div class=\"elementor-element elementor-element-0ff2a70 elementor-widget elementor-widget-heading\" data-id=\"0ff2a70\" data-element_type=\"widget\" data-widget_type=\"heading.default\">\n\t\t\t\t<div class=\"elementor-widget-container\">\n\t\t\t<h3 class=\"elementor-heading-title elementor-size-default\">3.2 - Droit \u00e0 la limitation et \u00e0 l'opposition du traitement des donn\u00e9es<\/h3>\t\t<\/div>\n\t\t\t\t<\/div>\n\t\t\t\t<div class=\"elementor-element elementor-element-7891aba elementor-widget elementor-widget-text-editor\" data-id=\"7891aba\" data-element_type=\"widget\" data-widget_type=\"text-editor.default\">\n\t\t\t\t<div class=\"elementor-widget-container\">\n\t\t\t\t\t\t\t\t<div class=\"elementor-text-editor elementor-clearfix\">\n\t\t\t\t<p><span style=\"font-weight: 400;\">Enfin, l&rsquo;Utilisateur \u00e0 le droit de demander la limitation ou de s&rsquo;opposer au traitement de ses donn\u00e9es par le Site, sans que le Site ne puisse refuser, sauf \u00e0 d\u00e9montrer l&rsquo;existence de motifs l\u00e9gitimes et imp\u00e9rieux, pouvant pr\u00e9valoir sur les int\u00e9r\u00eats et les droits et libert\u00e9s de l&rsquo;Utilisateur.<\/span><\/p>\t\t\t\t\t<\/div>\n\t\t\t\t\t\t<\/div>\n\t\t\t\t<\/div>\n\t\t\t\t<div class=\"elementor-element elementor-element-30215c8 elementor-widget elementor-widget-heading\" data-id=\"30215c8\" data-element_type=\"widget\" data-widget_type=\"heading.default\">\n\t\t\t\t<div class=\"elementor-widget-container\">\n\t\t\t<h3 class=\"elementor-heading-title elementor-size-default\">3.3 - Droit de saisir l'autorit\u00e9 de contr\u00f4le comp\u00e9tente<\/h3>\t\t<\/div>\n\t\t\t\t<\/div>\n\t\t\t\t<div class=\"elementor-element elementor-element-04717a9 elementor-widget elementor-widget-text-editor\" data-id=\"04717a9\" data-element_type=\"widget\" data-widget_type=\"text-editor.default\">\n\t\t\t\t<div class=\"elementor-widget-container\">\n\t\t\t\t\t\t\t\t<div class=\"elementor-text-editor elementor-clearfix\">\n\t\t\t\t<p><span style=\"font-weight: 400;\">Dans le cas o\u00f9 le responsable de traitement des donn\u00e9es d\u00e9cide de ne pas r\u00e9pondre \u00e0 la demande de l&rsquo;Utilisateur, et que l&rsquo;Utilisateur souhaite contester cette d\u00e9cision, il est en droit de saisir la CNIL (Commission Nationale de l&rsquo;Informatique et des Libert\u00e9s) ou tout juge comp\u00e9tent.<\/span><\/p>\t\t\t\t\t<\/div>\n\t\t\t\t\t\t<\/div>\n\t\t\t\t<\/div>\n\t\t\t\t<div class=\"elementor-element elementor-element-cde06b6 elementor-widget elementor-widget-heading\" data-id=\"cde06b6\" data-element_type=\"widget\" data-widget_type=\"heading.default\">\n\t\t\t\t<div class=\"elementor-widget-container\">\n\t\t\t<h2 class=\"elementor-heading-title elementor-size-default\">4 - Obligations du responsable du traitement des donn\u00e9es<\/h2>\t\t<\/div>\n\t\t\t\t<\/div>\n\t\t\t\t<div class=\"elementor-element elementor-element-a4eca57 elementor-widget elementor-widget-text-editor\" data-id=\"a4eca57\" data-element_type=\"widget\" data-widget_type=\"text-editor.default\">\n\t\t\t\t<div class=\"elementor-widget-container\">\n\t\t\t\t\t\t\t\t<div class=\"elementor-text-editor elementor-clearfix\">\n\t\t\t\t<p><span style=\"font-weight: 400;\">Le responsable du traitement s&rsquo;engage \u00e0 prot\u00e9ger les donn\u00e9es \u00e0 caract\u00e8re personnel collect\u00e9es, \u00e0 ne pas les transmettre \u00e0 des tiers sans que l&rsquo;Utilisateur n&rsquo;en ait \u00e9t\u00e9 inform\u00e9 et \u00e0 respecter les finalit\u00e9s pour lesquelles ces donn\u00e9es ont \u00e9t\u00e9 collect\u00e9es.<\/span><\/p><p><span style=\"font-weight: 400;\">Dans le cas o\u00f9 l&rsquo;int\u00e9grit\u00e9, la confidentialit\u00e9 ou la s\u00e9curit\u00e9 des donn\u00e9es \u00e0 caract\u00e8re personnel de l&rsquo;Utilisateur est compromise, le responsable du traitement s&rsquo;engage \u00e0 en informer l&rsquo;Utilisateur par tout moyen.<\/span><\/p>\t\t\t\t\t<\/div>\n\t\t\t\t\t\t<\/div>\n\t\t\t\t<\/div>\n\t\t\t\t\t\t<\/div>\n\t\t\t\t\t<\/div>\n\t\t<\/div>\n\t\t\t\t\t\t\t\t<\/div>\n\t\t\t\t\t<\/div>\n\t\t<\/section>\n\t\t\t\t\t\t<\/div>\n\t\t\t\t\t\t<\/div>\n\t\t\t\t\t<\/div>\n\t\t","protected":false},"excerpt":{"rendered":"<p>Politique de confidentialit\u00e9 1. D\u00e9finitions Le Site : fait r\u00e9f\u00e9rence au site internet de Centre Oasis, accessible \u00e0 l&rsquo;adresse suivante : www.centreoasis.fr. L\u2019Utilisateur : fait r\u00e9f\u00e9rence au visiteur du site internet de Centre Oasis. 2 &#8211; Donn\u00e9es collect\u00e9es et trait\u00e9es Conform\u00e9ment aux dispositions de l&rsquo;article 5 du R\u00e8glement Europ\u00e9en 2016\/679, la collecte et le traitement [&hellip;]<\/p>\n","protected":false},"author":3,"featured_media":0,"parent":0,"menu_order":0,"comment_status":"closed","ping_status":"closed","template":"elementor_header_footer","meta":[],"yoast_head":"<!-- This site is optimized with the Yoast SEO plugin v17.4 - https:\/\/yoast.com\/wordpress\/plugins\/seo\/ -->\n<title>Politique de confidentialit\u00e9 - Centre Oasis<\/title>\n<meta name=\"robots\" content=\"index, follow, max-snippet:-1, max-image-preview:large, max-video-preview:-1\" \/>\n<link rel=\"canonical\" href=\"https:\/\/www.centreoasis.fr\/index.php\/politique-de-confidentialite\/\" \/>\n<meta property=\"og:locale\" content=\"fr_FR\" \/>\n<meta property=\"og:type\" content=\"article\" \/>\n<meta property=\"og:title\" content=\"Politique de confidentialit\u00e9 - Centre Oasis\" \/>\n<meta property=\"og:description\" content=\"Politique de confidentialit\u00e9 1. D\u00e9finitions Le Site : fait r\u00e9f\u00e9rence au site internet de Centre Oasis, accessible \u00e0 l&rsquo;adresse suivante : www.centreoasis.fr. L\u2019Utilisateur : fait r\u00e9f\u00e9rence au visiteur du site internet de Centre Oasis. 2 &#8211; Donn\u00e9es collect\u00e9es et trait\u00e9es Conform\u00e9ment aux dispositions de l&rsquo;article 5 du R\u00e8glement Europ\u00e9en 2016\/679, la collecte et le traitement [&hellip;]\" \/>\n<meta property=\"og:url\" content=\"https:\/\/www.centreoasis.fr\/index.php\/politique-de-confidentialite\/\" \/>\n<meta property=\"og:site_name\" content=\"Centre Oasis\" \/>\n<meta property=\"article:publisher\" content=\"https:\/\/www.facebook.com\/centreoasisdury\/\" \/>\n<meta property=\"article:modified_time\" content=\"2021-10-26T09:29:12+00:00\" \/>\n<meta name=\"twitter:card\" content=\"summary_large_image\" \/>\n<meta name=\"twitter:label1\" content=\"Dur\u00e9e de lecture est.\" \/>\n\t<meta name=\"twitter:data1\" content=\"4 minutes\" \/>\n<script type=\"application\/ld+json\" class=\"yoast-schema-graph\">{\"@context\":\"https:\/\/schema.org\",\"@graph\":[{\"@type\":\"Organization\",\"@id\":\"https:\/\/www.centreoasis.fr\/#organization\",\"name\":\"Centre d\\u2019activit\\u00e9s OASIS\",\"url\":\"https:\/\/www.centreoasis.fr\/\",\"sameAs\":[\"https:\/\/www.facebook.com\/centreoasisdury\/\",\"https:\/\/www.linkedin.com\/showcase\/centreoasisdury\/\"],\"logo\":{\"@type\":\"ImageObject\",\"@id\":\"https:\/\/www.centreoasis.fr\/#logo\",\"inLanguage\":\"fr-FR\",\"url\":\"https:\/\/www.centreoasis.fr\/wp-content\/uploads\/2020\/06\/logo_CENTREOASIS.png\",\"contentUrl\":\"https:\/\/www.centreoasis.fr\/wp-content\/uploads\/2020\/06\/logo_CENTREOASIS.png\",\"width\":307,\"height\":410,\"caption\":\"Centre d\\u2019activit\\u00e9s OASIS\"},\"image\":{\"@id\":\"https:\/\/www.centreoasis.fr\/#logo\"}},{\"@type\":\"WebSite\",\"@id\":\"https:\/\/www.centreoasis.fr\/#website\",\"url\":\"https:\/\/www.centreoasis.fr\/\",\"name\":\"Centre Oasis\",\"description\":\"\",\"publisher\":{\"@id\":\"https:\/\/www.centreoasis.fr\/#organization\"},\"potentialAction\":[{\"@type\":\"SearchAction\",\"target\":{\"@type\":\"EntryPoint\",\"urlTemplate\":\"https:\/\/www.centreoasis.fr\/?s={search_term_string}\"},\"query-input\":\"required name=search_term_string\"}],\"inLanguage\":\"fr-FR\"},{\"@type\":\"WebPage\",\"@id\":\"https:\/\/www.centreoasis.fr\/index.php\/politique-de-confidentialite\/#webpage\",\"url\":\"https:\/\/www.centreoasis.fr\/index.php\/politique-de-confidentialite\/\",\"name\":\"Politique de confidentialit\\u00e9 - Centre Oasis\",\"isPartOf\":{\"@id\":\"https:\/\/www.centreoasis.fr\/#website\"},\"datePublished\":\"2021-10-26T08:43:03+00:00\",\"dateModified\":\"2021-10-26T09:29:12+00:00\",\"breadcrumb\":{\"@id\":\"https:\/\/www.centreoasis.fr\/index.php\/politique-de-confidentialite\/#breadcrumb\"},\"inLanguage\":\"fr-FR\",\"potentialAction\":[{\"@type\":\"ReadAction\",\"target\":[\"https:\/\/www.centreoasis.fr\/index.php\/politique-de-confidentialite\/\"]}]},{\"@type\":\"BreadcrumbList\",\"@id\":\"https:\/\/www.centreoasis.fr\/index.php\/politique-de-confidentialite\/#breadcrumb\",\"itemListElement\":[{\"@type\":\"ListItem\",\"position\":1,\"name\":\"Accueil\",\"item\":\"https:\/\/www.centreoasis.fr\/\"},{\"@type\":\"ListItem\",\"position\":2,\"name\":\"Politique de confidentialit\\u00e9\"}]}]}<\/script>\n<!-- \/ Yoast SEO plugin. -->","yoast_head_json":{"title":"Politique de confidentialit\u00e9 - Centre Oasis","robots":{"index":"index","follow":"follow","max-snippet":"max-snippet:-1","max-image-preview":"max-image-preview:large","max-video-preview":"max-video-preview:-1"},"canonical":"https:\/\/www.centreoasis.fr\/index.php\/politique-de-confidentialite\/","og_locale":"fr_FR","og_type":"article","og_title":"Politique de confidentialit\u00e9 - Centre Oasis","og_description":"Politique de confidentialit\u00e9 1. D\u00e9finitions Le Site : fait r\u00e9f\u00e9rence au site internet de Centre Oasis, accessible \u00e0 l&rsquo;adresse suivante : www.centreoasis.fr. L\u2019Utilisateur : fait r\u00e9f\u00e9rence au visiteur du site internet de Centre Oasis. 2 &#8211; Donn\u00e9es collect\u00e9es et trait\u00e9es Conform\u00e9ment aux dispositions de l&rsquo;article 5 du R\u00e8glement Europ\u00e9en 2016\/679, la collecte et le traitement [&hellip;]","og_url":"https:\/\/www.centreoasis.fr\/index.php\/politique-de-confidentialite\/","og_site_name":"Centre Oasis","article_publisher":"https:\/\/www.facebook.com\/centreoasisdury\/","article_modified_time":"2021-10-26T09:29:12+00:00","twitter_card":"summary_large_image","twitter_misc":{"Dur\u00e9e de lecture est.":"4 minutes"},"schema":{"@context":"https:\/\/schema.org","@graph":[{"@type":"Organization","@id":"https:\/\/www.centreoasis.fr\/#organization","name":"Centre d\u2019activit\u00e9s OASIS","url":"https:\/\/www.centreoasis.fr\/","sameAs":["https:\/\/www.facebook.com\/centreoasisdury\/","https:\/\/www.linkedin.com\/showcase\/centreoasisdury\/"],"logo":{"@type":"ImageObject","@id":"https:\/\/www.centreoasis.fr\/#logo","inLanguage":"fr-FR","url":"https:\/\/www.centreoasis.fr\/wp-content\/uploads\/2020\/06\/logo_CENTREOASIS.png","contentUrl":"https:\/\/www.centreoasis.fr\/wp-content\/uploads\/2020\/06\/logo_CENTREOASIS.png","width":307,"height":410,"caption":"Centre d\u2019activit\u00e9s OASIS"},"image":{"@id":"https:\/\/www.centreoasis.fr\/#logo"}},{"@type":"WebSite","@id":"https:\/\/www.centreoasis.fr\/#website","url":"https:\/\/www.centreoasis.fr\/","name":"Centre Oasis","description":"","publisher":{"@id":"https:\/\/www.centreoasis.fr\/#organization"},"potentialAction":[{"@type":"SearchAction","target":{"@type":"EntryPoint","urlTemplate":"https:\/\/www.centreoasis.fr\/?s={search_term_string}"},"query-input":"required name=search_term_string"}],"inLanguage":"fr-FR"},{"@type":"WebPage","@id":"https:\/\/www.centreoasis.fr\/index.php\/politique-de-confidentialite\/#webpage","url":"https:\/\/www.centreoasis.fr\/index.php\/politique-de-confidentialite\/","name":"Politique de confidentialit\u00e9 - Centre Oasis","isPartOf":{"@id":"https:\/\/www.centreoasis.fr\/#website"},"datePublished":"2021-10-26T08:43:03+00:00","dateModified":"2021-10-26T09:29:12+00:00","breadcrumb":{"@id":"https:\/\/www.centreoasis.fr\/index.php\/politique-de-confidentialite\/#breadcrumb"},"inLanguage":"fr-FR","potentialAction":[{"@type":"ReadAction","target":["https:\/\/www.centreoasis.fr\/index.php\/politique-de-confidentialite\/"]}]},{"@type":"BreadcrumbList","@id":"https:\/\/www.centreoasis.fr\/index.php\/politique-de-confidentialite\/#breadcrumb","itemListElement":[{"@type":"ListItem","position":1,"name":"Accueil","item":"https:\/\/www.centreoasis.fr\/"},{"@type":"ListItem","position":2,"name":"Politique de confidentialit\u00e9"}]}]}},"_links":{"self":[{"href":"https:\/\/www.centreoasis.fr\/index.php\/wp-json\/wp\/v2\/pages\/1049"}],"collection":[{"href":"https:\/\/www.centreoasis.fr\/index.php\/wp-json\/wp\/v2\/pages"}],"about":[{"href":"https:\/\/www.centreoasis.fr\/index.php\/wp-json\/wp\/v2\/types\/page"}],"author":[{"embeddable":true,"href":"https:\/\/www.centreoasis.fr\/index.php\/wp-json\/wp\/v2\/users\/3"}],"replies":[{"embeddable":true,"href":"https:\/\/www.centreoasis.fr\/index.php\/wp-json\/wp\/v2\/comments?post=1049"}],"version-history":[{"count":7,"href":"https:\/\/www.centreoasis.fr\/index.php\/wp-json\/wp\/v2\/pages\/1049\/revisions"}],"predecessor-version":[{"id":1072,"href":"https:\/\/www.centreoasis.fr\/index.php\/wp-json\/wp\/v2\/pages\/1049\/revisions\/1072"}],"wp:attachment":[{"href":"https:\/\/www.centreoasis.fr\/index.php\/wp-json\/wp\/v2\/media?parent=1049"}],"curies":[{"name":"wp","href":"https:\/\/api.w.org\/{rel}","templated":true}]}}