{"id":1047,"date":"2021-10-26T08:42:30","date_gmt":"2021-10-26T08:42:30","guid":{"rendered":"https:\/\/www.centreoasis.fr\/?page_id=1047"},"modified":"2021-10-26T09:29:24","modified_gmt":"2021-10-26T09:29:24","slug":"mentions-legales","status":"publish","type":"page","link":"https:\/\/www.centreoasis.fr\/index.php\/mentions-legales\/","title":{"rendered":"Mentions l\u00e9gales"},"content":{"rendered":"\t\t<div data-elementor-type=\"wp-page\" data-elementor-id=\"1047\" class=\"elementor elementor-1047\" data-elementor-settings=\"[]\">\n\t\t\t\t\t\t<div class=\"elementor-inner\">\n\t\t\t\t\t\t\t<div class=\"elementor-section-wrap\">\n\t\t\t\t\t\t\t<section class=\"elementor-section elementor-top-section elementor-element elementor-element-55c5ee2 elementor-section-boxed elementor-section-height-default elementor-section-height-default\" data-id=\"55c5ee2\" data-element_type=\"section\" data-settings=\"{&quot;background_background&quot;:&quot;classic&quot;}\">\n\t\t\t\t\t\t<div class=\"elementor-container elementor-column-gap-default\">\n\t\t\t\t\t\t\t<div class=\"elementor-row\">\n\t\t\t\t\t<div class=\"elementor-column elementor-col-100 elementor-top-column elementor-element elementor-element-183d004\" data-id=\"183d004\" data-element_type=\"column\">\n\t\t\t<div class=\"elementor-column-wrap elementor-element-populated\">\n\t\t\t\t\t\t\t<div class=\"elementor-widget-wrap\">\n\t\t\t\t\t\t<div class=\"elementor-element elementor-element-f970bd6 elementor-widget elementor-widget-heading\" data-id=\"f970bd6\" data-element_type=\"widget\" data-widget_type=\"heading.default\">\n\t\t\t\t<div class=\"elementor-widget-container\">\n\t\t\t<h1 class=\"elementor-heading-title elementor-size-default\">Mentions l\u00e9gales<\/h1>\t\t<\/div>\n\t\t\t\t<\/div>\n\t\t\t\t<div class=\"elementor-element elementor-element-801f8fb elementor-widget elementor-widget-text-editor\" data-id=\"801f8fb\" data-element_type=\"widget\" data-widget_type=\"text-editor.default\">\n\t\t\t\t<div class=\"elementor-widget-container\">\n\t\t\t\t\t\t\t\t<div class=\"elementor-text-editor elementor-clearfix\">\n\t\t\t\t<p><span style=\"font-weight: 400;\">Conform\u00e9ment aux dispositions de Articles 6-III et 19 de la Loi n\u00b0 2004-575 du 21 juin 2004 pour la confiance de l&rsquo;\u00e9conomie num\u00e9rique, dite L.C.E.N., il est port\u00e9 \u00e0 la connaissance des utilisateurs et visiteurs du site de <strong>Centre Oasis<\/strong><\/span><span style=\"font-weight: 400;\">\u00a0les pr\u00e9sentes mentions l\u00e9gales.<\/span><\/p><p><span style=\"font-weight: 400;\">Le site de <strong>Centre Oasis<\/strong><\/span><span style=\"font-weight: 400;\">\u00a0est accessible \u00e0 l&rsquo;adresse suivante : <\/span><b>www.centreoasis.fr<\/b><span style=\"font-weight: 400;\"> (ci-apr\u00e8s \u00ab\u00a0le Site\u00a0\u00bb).<\/span><\/p><p><span style=\"font-weight: 400;\">L&rsquo;acc\u00e8s et l&rsquo;utilisation du Site sont soumis aux pr\u00e9sentes \u00ab\u00a0Mentions l\u00e9gales\u00a0\u00bb d\u00e9taill\u00e9es ci-apr\u00e8s ainsi qu&rsquo;aux lois et\/ou r\u00e8glements applicables.<\/span><\/p><p><span style=\"font-weight: 400;\">La connexion, l&rsquo;utilisation et l&rsquo;acc\u00e8s au Site impliquent l&rsquo;acceptation int\u00e9grale et sans r\u00e9serve de l&rsquo;internaute de toutes les dispositions des pr\u00e9sentes Mentions L\u00e9gales.<\/span><\/p>\t\t\t\t\t<\/div>\n\t\t\t\t\t\t<\/div>\n\t\t\t\t<\/div>\n\t\t\t\t<div class=\"elementor-element elementor-element-5f307cf elementor-widget elementor-widget-heading\" data-id=\"5f307cf\" data-element_type=\"widget\" data-widget_type=\"heading.default\">\n\t\t\t\t<div class=\"elementor-widget-container\">\n\t\t\t<h2 class=\"elementor-heading-title elementor-size-default\">Article 1 - Informations l\u00e9gales<\/h2>\t\t<\/div>\n\t\t\t\t<\/div>\n\t\t\t\t<div class=\"elementor-element elementor-element-2dabce6 elementor-widget elementor-widget-text-editor\" data-id=\"2dabce6\" data-element_type=\"widget\" data-widget_type=\"text-editor.default\">\n\t\t\t\t<div class=\"elementor-widget-container\">\n\t\t\t\t\t\t\t\t<div class=\"elementor-text-editor elementor-clearfix\">\n\t\t\t\t<p><span style=\"font-weight: 400;\">En vertu de l&rsquo;Article 6 de la Loi n\u00b0 2004-575 du 21 juin 2004 pour la confiance de l&rsquo;\u00e9conomie num\u00e9rique, il est pr\u00e9cis\u00e9 dans cet article l&rsquo;identit\u00e9 des diff\u00e9rents intervenants dans le cadre de sa r\u00e9alisation et de son suivi.<\/span><\/p>\t\t\t\t\t<\/div>\n\t\t\t\t\t\t<\/div>\n\t\t\t\t<\/div>\n\t\t\t\t<div class=\"elementor-element elementor-element-80808d5 elementor-widget elementor-widget-heading\" data-id=\"80808d5\" data-element_type=\"widget\" data-widget_type=\"heading.default\">\n\t\t\t\t<div class=\"elementor-widget-container\">\n\t\t\t<h3 class=\"elementor-heading-title elementor-size-default\">1.1 - Editeur du site<\/h3>\t\t<\/div>\n\t\t\t\t<\/div>\n\t\t\t\t<div class=\"elementor-element elementor-element-aad35fe elementor-widget elementor-widget-text-editor\" data-id=\"aad35fe\" data-element_type=\"widget\" data-widget_type=\"text-editor.default\">\n\t\t\t\t<div class=\"elementor-widget-container\">\n\t\t\t\t\t\t\t\t<div class=\"elementor-text-editor elementor-clearfix\">\n\t\t\t\t<p><span style=\"font-weight: 400;\">Le site de <strong>Centre Oasis <\/strong><\/span><span style=\"font-weight: 400;\">est \u00e9dit\u00e9 par l\u2019ACI (Ateliers et Chantiers d\u2019Insertion) LevelUp Cluster (Groupe ESSteam).<\/span><\/p><p><span style=\"font-weight: 400;\">Si\u00e8ge social : <\/span><span style=\"font-weight: 400;\">Avenue John Fizgerald Kennedy &#8211; 59200 TOURCOING<\/span><\/p><p><span style=\"font-weight: 400;\">SIRET <\/span><span style=\"font-weight: 400;\">: <\/span><span style=\"font-weight: 400;\">345 357 172 00013<\/span><\/p><p><span style=\"font-weight: 400;\">T\u00e9l\u00e9phone : <\/span><span style=\"font-weight: 400;\">03.20.94.13.57\u00a0<\/span><\/p><p><span style=\"font-weight: 400;\">ci-apr\u00e8s \u00ab\u00a0l&rsquo;Editeur\u00a0\u00bb<\/span><\/p>\t\t\t\t\t<\/div>\n\t\t\t\t\t\t<\/div>\n\t\t\t\t<\/div>\n\t\t\t\t<div class=\"elementor-element elementor-element-98370e1 elementor-widget elementor-widget-heading\" data-id=\"98370e1\" data-element_type=\"widget\" data-widget_type=\"heading.default\">\n\t\t\t\t<div class=\"elementor-widget-container\">\n\t\t\t<h3 class=\"elementor-heading-title elementor-size-default\">1.2 - H\u00e9bergeur du site<\/h3>\t\t<\/div>\n\t\t\t\t<\/div>\n\t\t\t\t<div class=\"elementor-element elementor-element-49488de elementor-widget elementor-widget-text-editor\" data-id=\"49488de\" data-element_type=\"widget\" data-widget_type=\"text-editor.default\">\n\t\t\t\t<div class=\"elementor-widget-container\">\n\t\t\t\t\t\t\t\t<div class=\"elementor-text-editor elementor-clearfix\">\n\t\t\t\t<p><span style=\"font-weight: 400;\">Le site de <strong>Centre Oasis <\/strong><\/span><span style=\"font-weight: 400;\">est h\u00e9berg\u00e9 par IONOS.<\/span><\/p><p><span style=\"font-weight: 400;\">Si\u00e8ge social : 7 Pl. de la Gare &#8211; 57200 Sarreguemines<\/span><\/p><p><span style=\"font-weight: 400;\">T\u00e9l\u00e9phone : 09 70 80 89 11<\/span><\/p><p><span style=\"font-weight: 400;\">ci-apr\u00e8s \u00ab\u00a0l&rsquo;H\u00e9bergeur\u00a0\u00bb<\/span><\/p>\t\t\t\t\t<\/div>\n\t\t\t\t\t\t<\/div>\n\t\t\t\t<\/div>\n\t\t\t\t<div class=\"elementor-element elementor-element-8e7c063 elementor-widget elementor-widget-heading\" data-id=\"8e7c063\" data-element_type=\"widget\" data-widget_type=\"heading.default\">\n\t\t\t\t<div class=\"elementor-widget-container\">\n\t\t\t<h2 class=\"elementor-heading-title elementor-size-default\">Article 2 - Conditions d'utilisation<\/h2>\t\t<\/div>\n\t\t\t\t<\/div>\n\t\t\t\t<div class=\"elementor-element elementor-element-ee9f565 elementor-widget elementor-widget-text-editor\" data-id=\"ee9f565\" data-element_type=\"widget\" data-widget_type=\"text-editor.default\">\n\t\t\t\t<div class=\"elementor-widget-container\">\n\t\t\t\t\t\t\t\t<div class=\"elementor-text-editor elementor-clearfix\">\n\t\t\t\t<p><span style=\"font-weight: 400;\"><strong>Centre Oasis<\/strong> met en \u0153uvre tous les moyens dont il dispose, pour assurer une information fiable et une mise \u00e0 jour fiable de son site internet. Toutefois, des erreurs ou omissions peuvent survenir. L&rsquo;internaute devra donc s&rsquo;assurer de l&rsquo;exactitude des informations, et signaler toutes modifications du site qu&rsquo;il jugerait utile.<\/span><\/p><p><b><span style=\"font-weight: 400;\"><strong>Centre Oasis<\/strong><\/span> <\/b><span style=\"font-weight: 400;\">n&rsquo;est en aucun cas responsable de l&rsquo;utilisation faite de ces informations, et de tout pr\u00e9judice direct ou indirect pouvant en d\u00e9couler.<\/span><\/p>\t\t\t\t\t<\/div>\n\t\t\t\t\t\t<\/div>\n\t\t\t\t<\/div>\n\t\t\t\t<div class=\"elementor-element elementor-element-46bdc84 elementor-widget elementor-widget-heading\" data-id=\"46bdc84\" data-element_type=\"widget\" data-widget_type=\"heading.default\">\n\t\t\t\t<div class=\"elementor-widget-container\">\n\t\t\t<h3 class=\"elementor-heading-title elementor-size-default\">2.1 - Cookies<\/h3>\t\t<\/div>\n\t\t\t\t<\/div>\n\t\t\t\t<div class=\"elementor-element elementor-element-8ca658d elementor-widget elementor-widget-text-editor\" data-id=\"8ca658d\" data-element_type=\"widget\" data-widget_type=\"text-editor.default\">\n\t\t\t\t<div class=\"elementor-widget-container\">\n\t\t\t\t\t\t\t\t<div class=\"elementor-text-editor elementor-clearfix\">\n\t\t\t\t<p><span style=\"font-weight: 400;\">Le site de <strong>Centre Oasis<\/strong><\/span><span style=\"font-weight: 400;\">\u00a0est amen\u00e9 \u00e0 vous demander l\u2019acceptation des cookies pour des besoins de statistiques et d&rsquo;affichage. Un cookies est une information d\u00e9pos\u00e9e sur votre disque dur par le serveur du site que vous visitez. Il contient plusieurs donn\u00e9es qui sont stock\u00e9es sur votre ordinateur dans un simple fichier texte auquel un serveur acc\u00e8de pour lire et enregistrer des informations. \u00c0 l&rsquo;heure actuelle, seuls <\/span><span style=\"font-weight: 400;\">les cookies techniques n\u00e9cessaires pour l\u2019utilisation ou la navigation sur le site internet sont utilis\u00e9s.<\/span><\/p>\t\t\t\t\t<\/div>\n\t\t\t\t\t\t<\/div>\n\t\t\t\t<\/div>\n\t\t\t\t<div class=\"elementor-element elementor-element-a5fe266 elementor-widget elementor-widget-heading\" data-id=\"a5fe266\" data-element_type=\"widget\" data-widget_type=\"heading.default\">\n\t\t\t\t<div class=\"elementor-widget-container\">\n\t\t\t<h3 class=\"elementor-heading-title elementor-size-default\">2.2 - Liens hypertextes<\/h3>\t\t<\/div>\n\t\t\t\t<\/div>\n\t\t\t\t<div class=\"elementor-element elementor-element-9192db1 elementor-widget elementor-widget-text-editor\" data-id=\"9192db1\" data-element_type=\"widget\" data-widget_type=\"text-editor.default\">\n\t\t\t\t<div class=\"elementor-widget-container\">\n\t\t\t\t\t\t\t\t<div class=\"elementor-text-editor elementor-clearfix\">\n\t\t\t\t<p><span style=\"font-weight: 400;\">Le site internet de <strong>Centre Oasis<\/strong><\/span><span style=\"font-weight: 400;\">\u00a0peut contenir des liens vers d\u2019autres sites internet ou d\u2019autres ressources disponibles sur Internet.<\/span><\/p><p><span style=\"font-weight: 400;\"><strong>Centre Oasis<\/strong> ne dispose d&rsquo;aucun moyen pour contr\u00f4ler les sites en connexion avec son site internet, ne r\u00e9pond pas de la disponibilit\u00e9 de tels sites et sources externes, ni ne la garantit.<\/span><\/p><p><span style=\"font-weight: 400;\"><strong>Centre Oasis<\/strong> ne peut \u00eatre tenue pour responsable de tout dommage, de quelque nature que ce soit, r\u00e9sultant du contenu de son site ou sources externes, et notamment des informations, produits ou services qu\u2019ils proposent, ou de tout usage qui peut \u00eatre fait de ces \u00e9l\u00e9ments.<\/span><\/p><p><span style=\"font-weight: 400;\">Les risques li\u00e9s \u00e0 cette utilisation incombent pleinement \u00e0 l&rsquo;internaute, qui doit se conformer \u00e0 leurs conditions d&rsquo;utilisation.<\/span><\/p>\t\t\t\t\t<\/div>\n\t\t\t\t\t\t<\/div>\n\t\t\t\t<\/div>\n\t\t\t\t<div class=\"elementor-element elementor-element-d5fa84f elementor-widget elementor-widget-heading\" data-id=\"d5fa84f\" data-element_type=\"widget\" data-widget_type=\"heading.default\">\n\t\t\t\t<div class=\"elementor-widget-container\">\n\t\t\t<h3 class=\"elementor-heading-title elementor-size-default\">2.3 - Limitation contractuelles sur les donn\u00e9es<\/h3>\t\t<\/div>\n\t\t\t\t<\/div>\n\t\t\t\t<div class=\"elementor-element elementor-element-69e7d4c elementor-widget elementor-widget-text-editor\" data-id=\"69e7d4c\" data-element_type=\"widget\" data-widget_type=\"text-editor.default\">\n\t\t\t\t<div class=\"elementor-widget-container\">\n\t\t\t\t\t\t\t\t<div class=\"elementor-text-editor elementor-clearfix\">\n\t\t\t\t<p><span style=\"font-weight: 400;\">Le site est remis \u00e0 jour \u00e0 diff\u00e9rentes p\u00e9riodes de l\u2019ann\u00e9e, mais peut toutefois contenir des inexactitudes ou des omissions.<\/span><\/p><p><span style=\"font-weight: 400;\">Tout contenu t\u00e9l\u00e9charg\u00e9 se fait aux risques et p\u00e9rils de l&rsquo;Utilisateur et sous sa seule responsabilit\u00e9. En cons\u00e9quence, <strong>Centre Oasis<\/strong><\/span><b>\u00a0<\/b><span style=\"font-weight: 400;\">ne saurait \u00eatre tenu responsable d&rsquo;un quelconque dommage subi par l&rsquo;ordinateur de l&rsquo;Utilisateur ou d&rsquo;une quelconque perte de donn\u00e9es cons\u00e9cutives au t\u00e9l\u00e9chargement.<\/span><\/p>\t\t\t\t\t<\/div>\n\t\t\t\t\t\t<\/div>\n\t\t\t\t<\/div>\n\t\t\t\t<div class=\"elementor-element elementor-element-f9f79a7 elementor-widget elementor-widget-heading\" data-id=\"f9f79a7\" data-element_type=\"widget\" data-widget_type=\"heading.default\">\n\t\t\t\t<div class=\"elementor-widget-container\">\n\t\t\t<h3 class=\"elementor-heading-title elementor-size-default\">2.4 - Propri\u00e9t\u00e9 intellectuelle<\/h3>\t\t<\/div>\n\t\t\t\t<\/div>\n\t\t\t\t<div class=\"elementor-element elementor-element-d3e3aec elementor-widget elementor-widget-text-editor\" data-id=\"d3e3aec\" data-element_type=\"widget\" data-widget_type=\"text-editor.default\">\n\t\t\t\t<div class=\"elementor-widget-container\">\n\t\t\t\t\t\t\t\t<div class=\"elementor-text-editor elementor-clearfix\">\n\t\t\t\t<p><span style=\"font-weight: 400;\">Tout le contenu pr\u00e9sent sur le site de <strong>Centre Oasis<\/strong><\/span><span style=\"font-weight: 400;\">, incluant, de fa\u00e7on non limitative, les graphismes, images, textes, vid\u00e9os, animations, sons, logos, gifs et ic\u00f4nes ainsi que leur mise en forme sont la propri\u00e9t\u00e9 exclusive de la soci\u00e9t\u00e9 \u00e0 l&rsquo;exception des marques, logos ou contenus appartenant \u00e0 d&rsquo;autres soci\u00e9t\u00e9s partenaires ou auteurs.<\/span><\/p><p><span style=\"font-weight: 400;\">Toute reproduction, distribution, modification, adaptation, retransmission ou publication, m\u00eame partielle, de ces diff\u00e9rents \u00e9l\u00e9ments est strictement interdite. Cette repr\u00e9sentation ou reproduction, par quelque proc\u00e9d\u00e9 que ce soit, constitue une contrefa\u00e7on sanctionn\u00e9e par les articles L.335-2 et suivants du Code de la propri\u00e9t\u00e9 intellectuelle. Le non-respect de cette interdiction constitue une contrefa\u00e7on pouvant engager la responsabilit\u00e9 civile et p\u00e9nale du contrefacteur. En outre, les propri\u00e9taires des Contenus copi\u00e9s pourraient intenter une action en justice \u00e0 votre encontre.<\/span><\/p>\t\t\t\t\t<\/div>\n\t\t\t\t\t\t<\/div>\n\t\t\t\t<\/div>\n\t\t\t\t\t\t<\/div>\n\t\t\t\t\t<\/div>\n\t\t<\/div>\n\t\t\t\t\t\t\t\t<\/div>\n\t\t\t\t\t<\/div>\n\t\t<\/section>\n\t\t\t\t\t\t<\/div>\n\t\t\t\t\t\t<\/div>\n\t\t\t\t\t<\/div>\n\t\t","protected":false},"excerpt":{"rendered":"<p>Mentions l\u00e9gales Conform\u00e9ment aux dispositions de Articles 6-III et 19 de la Loi n\u00b0 2004-575 du 21 juin 2004 pour la confiance de l&rsquo;\u00e9conomie num\u00e9rique, dite L.C.E.N., il est port\u00e9 \u00e0 la connaissance des utilisateurs et visiteurs du site de Centre Oasis\u00a0les pr\u00e9sentes mentions l\u00e9gales. Le site de Centre Oasis\u00a0est accessible \u00e0 l&rsquo;adresse suivante : [&hellip;]<\/p>\n","protected":false},"author":3,"featured_media":0,"parent":0,"menu_order":0,"comment_status":"closed","ping_status":"closed","template":"elementor_header_footer","meta":[],"yoast_head":"<!-- This site is optimized with the Yoast SEO plugin v17.4 - https:\/\/yoast.com\/wordpress\/plugins\/seo\/ -->\n<title>Mentions l\u00e9gales - Centre Oasis<\/title>\n<meta name=\"robots\" content=\"index, follow, max-snippet:-1, max-image-preview:large, max-video-preview:-1\" \/>\n<link rel=\"canonical\" href=\"https:\/\/www.centreoasis.fr\/index.php\/mentions-legales\/\" \/>\n<meta property=\"og:locale\" content=\"fr_FR\" \/>\n<meta property=\"og:type\" content=\"article\" \/>\n<meta property=\"og:title\" content=\"Mentions l\u00e9gales - Centre Oasis\" \/>\n<meta property=\"og:description\" content=\"Mentions l\u00e9gales Conform\u00e9ment aux dispositions de Articles 6-III et 19 de la Loi n\u00b0 2004-575 du 21 juin 2004 pour la confiance de l&rsquo;\u00e9conomie num\u00e9rique, dite L.C.E.N., il est port\u00e9 \u00e0 la connaissance des utilisateurs et visiteurs du site de Centre Oasis\u00a0les pr\u00e9sentes mentions l\u00e9gales. Le site de Centre Oasis\u00a0est accessible \u00e0 l&rsquo;adresse suivante : [&hellip;]\" \/>\n<meta property=\"og:url\" content=\"https:\/\/www.centreoasis.fr\/index.php\/mentions-legales\/\" \/>\n<meta property=\"og:site_name\" content=\"Centre Oasis\" \/>\n<meta property=\"article:publisher\" content=\"https:\/\/www.facebook.com\/centreoasisdury\/\" \/>\n<meta property=\"article:modified_time\" content=\"2021-10-26T09:29:24+00:00\" \/>\n<meta name=\"twitter:card\" content=\"summary_large_image\" \/>\n<meta name=\"twitter:label1\" content=\"Dur\u00e9e de lecture est.\" \/>\n\t<meta name=\"twitter:data1\" content=\"4 minutes\" \/>\n<script type=\"application\/ld+json\" class=\"yoast-schema-graph\">{\"@context\":\"https:\/\/schema.org\",\"@graph\":[{\"@type\":\"Organization\",\"@id\":\"https:\/\/www.centreoasis.fr\/#organization\",\"name\":\"Centre d\\u2019activit\\u00e9s OASIS\",\"url\":\"https:\/\/www.centreoasis.fr\/\",\"sameAs\":[\"https:\/\/www.facebook.com\/centreoasisdury\/\",\"https:\/\/www.linkedin.com\/showcase\/centreoasisdury\/\"],\"logo\":{\"@type\":\"ImageObject\",\"@id\":\"https:\/\/www.centreoasis.fr\/#logo\",\"inLanguage\":\"fr-FR\",\"url\":\"https:\/\/www.centreoasis.fr\/wp-content\/uploads\/2020\/06\/logo_CENTREOASIS.png\",\"contentUrl\":\"https:\/\/www.centreoasis.fr\/wp-content\/uploads\/2020\/06\/logo_CENTREOASIS.png\",\"width\":307,\"height\":410,\"caption\":\"Centre d\\u2019activit\\u00e9s OASIS\"},\"image\":{\"@id\":\"https:\/\/www.centreoasis.fr\/#logo\"}},{\"@type\":\"WebSite\",\"@id\":\"https:\/\/www.centreoasis.fr\/#website\",\"url\":\"https:\/\/www.centreoasis.fr\/\",\"name\":\"Centre Oasis\",\"description\":\"\",\"publisher\":{\"@id\":\"https:\/\/www.centreoasis.fr\/#organization\"},\"potentialAction\":[{\"@type\":\"SearchAction\",\"target\":{\"@type\":\"EntryPoint\",\"urlTemplate\":\"https:\/\/www.centreoasis.fr\/?s={search_term_string}\"},\"query-input\":\"required name=search_term_string\"}],\"inLanguage\":\"fr-FR\"},{\"@type\":\"WebPage\",\"@id\":\"https:\/\/www.centreoasis.fr\/index.php\/mentions-legales\/#webpage\",\"url\":\"https:\/\/www.centreoasis.fr\/index.php\/mentions-legales\/\",\"name\":\"Mentions l\\u00e9gales - Centre Oasis\",\"isPartOf\":{\"@id\":\"https:\/\/www.centreoasis.fr\/#website\"},\"datePublished\":\"2021-10-26T08:42:30+00:00\",\"dateModified\":\"2021-10-26T09:29:24+00:00\",\"breadcrumb\":{\"@id\":\"https:\/\/www.centreoasis.fr\/index.php\/mentions-legales\/#breadcrumb\"},\"inLanguage\":\"fr-FR\",\"potentialAction\":[{\"@type\":\"ReadAction\",\"target\":[\"https:\/\/www.centreoasis.fr\/index.php\/mentions-legales\/\"]}]},{\"@type\":\"BreadcrumbList\",\"@id\":\"https:\/\/www.centreoasis.fr\/index.php\/mentions-legales\/#breadcrumb\",\"itemListElement\":[{\"@type\":\"ListItem\",\"position\":1,\"name\":\"Accueil\",\"item\":\"https:\/\/www.centreoasis.fr\/\"},{\"@type\":\"ListItem\",\"position\":2,\"name\":\"Mentions l\\u00e9gales\"}]}]}<\/script>\n<!-- \/ Yoast SEO plugin. -->","yoast_head_json":{"title":"Mentions l\u00e9gales - Centre Oasis","robots":{"index":"index","follow":"follow","max-snippet":"max-snippet:-1","max-image-preview":"max-image-preview:large","max-video-preview":"max-video-preview:-1"},"canonical":"https:\/\/www.centreoasis.fr\/index.php\/mentions-legales\/","og_locale":"fr_FR","og_type":"article","og_title":"Mentions l\u00e9gales - Centre Oasis","og_description":"Mentions l\u00e9gales Conform\u00e9ment aux dispositions de Articles 6-III et 19 de la Loi n\u00b0 2004-575 du 21 juin 2004 pour la confiance de l&rsquo;\u00e9conomie num\u00e9rique, dite L.C.E.N., il est port\u00e9 \u00e0 la connaissance des utilisateurs et visiteurs du site de Centre Oasis\u00a0les pr\u00e9sentes mentions l\u00e9gales. Le site de Centre Oasis\u00a0est accessible \u00e0 l&rsquo;adresse suivante : [&hellip;]","og_url":"https:\/\/www.centreoasis.fr\/index.php\/mentions-legales\/","og_site_name":"Centre Oasis","article_publisher":"https:\/\/www.facebook.com\/centreoasisdury\/","article_modified_time":"2021-10-26T09:29:24+00:00","twitter_card":"summary_large_image","twitter_misc":{"Dur\u00e9e de lecture est.":"4 minutes"},"schema":{"@context":"https:\/\/schema.org","@graph":[{"@type":"Organization","@id":"https:\/\/www.centreoasis.fr\/#organization","name":"Centre d\u2019activit\u00e9s OASIS","url":"https:\/\/www.centreoasis.fr\/","sameAs":["https:\/\/www.facebook.com\/centreoasisdury\/","https:\/\/www.linkedin.com\/showcase\/centreoasisdury\/"],"logo":{"@type":"ImageObject","@id":"https:\/\/www.centreoasis.fr\/#logo","inLanguage":"fr-FR","url":"https:\/\/www.centreoasis.fr\/wp-content\/uploads\/2020\/06\/logo_CENTREOASIS.png","contentUrl":"https:\/\/www.centreoasis.fr\/wp-content\/uploads\/2020\/06\/logo_CENTREOASIS.png","width":307,"height":410,"caption":"Centre d\u2019activit\u00e9s OASIS"},"image":{"@id":"https:\/\/www.centreoasis.fr\/#logo"}},{"@type":"WebSite","@id":"https:\/\/www.centreoasis.fr\/#website","url":"https:\/\/www.centreoasis.fr\/","name":"Centre Oasis","description":"","publisher":{"@id":"https:\/\/www.centreoasis.fr\/#organization"},"potentialAction":[{"@type":"SearchAction","target":{"@type":"EntryPoint","urlTemplate":"https:\/\/www.centreoasis.fr\/?s={search_term_string}"},"query-input":"required name=search_term_string"}],"inLanguage":"fr-FR"},{"@type":"WebPage","@id":"https:\/\/www.centreoasis.fr\/index.php\/mentions-legales\/#webpage","url":"https:\/\/www.centreoasis.fr\/index.php\/mentions-legales\/","name":"Mentions l\u00e9gales - Centre Oasis","isPartOf":{"@id":"https:\/\/www.centreoasis.fr\/#website"},"datePublished":"2021-10-26T08:42:30+00:00","dateModified":"2021-10-26T09:29:24+00:00","breadcrumb":{"@id":"https:\/\/www.centreoasis.fr\/index.php\/mentions-legales\/#breadcrumb"},"inLanguage":"fr-FR","potentialAction":[{"@type":"ReadAction","target":["https:\/\/www.centreoasis.fr\/index.php\/mentions-legales\/"]}]},{"@type":"BreadcrumbList","@id":"https:\/\/www.centreoasis.fr\/index.php\/mentions-legales\/#breadcrumb","itemListElement":[{"@type":"ListItem","position":1,"name":"Accueil","item":"https:\/\/www.centreoasis.fr\/"},{"@type":"ListItem","position":2,"name":"Mentions l\u00e9gales"}]}]}},"_links":{"self":[{"href":"https:\/\/www.centreoasis.fr\/index.php\/wp-json\/wp\/v2\/pages\/1047"}],"collection":[{"href":"https:\/\/www.centreoasis.fr\/index.php\/wp-json\/wp\/v2\/pages"}],"about":[{"href":"https:\/\/www.centreoasis.fr\/index.php\/wp-json\/wp\/v2\/types\/page"}],"author":[{"embeddable":true,"href":"https:\/\/www.centreoasis.fr\/index.php\/wp-json\/wp\/v2\/users\/3"}],"replies":[{"embeddable":true,"href":"https:\/\/www.centreoasis.fr\/index.php\/wp-json\/wp\/v2\/comments?post=1047"}],"version-history":[{"count":20,"href":"https:\/\/www.centreoasis.fr\/index.php\/wp-json\/wp\/v2\/pages\/1047\/revisions"}],"predecessor-version":[{"id":1075,"href":"https:\/\/www.centreoasis.fr\/index.php\/wp-json\/wp\/v2\/pages\/1047\/revisions\/1075"}],"wp:attachment":[{"href":"https:\/\/www.centreoasis.fr\/index.php\/wp-json\/wp\/v2\/media?parent=1047"}],"curies":[{"name":"wp","href":"https:\/\/api.w.org\/{rel}","templated":true}]}}