{"id":10,"date":"2020-05-04T13:35:25","date_gmt":"2020-05-04T13:35:25","guid":{"rendered":"https:\/\/www.centreoasis.fr\/?page_id=10"},"modified":"2021-10-26T12:59:51","modified_gmt":"2021-10-26T12:59:51","slug":"contact","status":"publish","type":"page","link":"https:\/\/www.centreoasis.fr\/index.php\/contact\/","title":{"rendered":"Contact"},"content":{"rendered":"\t\t<div data-elementor-type=\"wp-page\" data-elementor-id=\"10\" class=\"elementor elementor-10\" data-elementor-settings=\"[]\">\n\t\t\t\t\t\t<div class=\"elementor-inner\">\n\t\t\t\t\t\t\t<div class=\"elementor-section-wrap\">\n\t\t\t\t\t\t\t<section class=\"elementor-section elementor-top-section elementor-element elementor-element-dd077a2 elementor-section-boxed elementor-section-height-default elementor-section-height-default\" data-id=\"dd077a2\" data-element_type=\"section\">\n\t\t\t\t\t\t<div class=\"elementor-container elementor-column-gap-default\">\n\t\t\t\t\t\t\t<div class=\"elementor-row\">\n\t\t\t\t\t<div class=\"elementor-column elementor-col-66 elementor-top-column elementor-element elementor-element-d47a8d9\" data-id=\"d47a8d9\" data-element_type=\"column\" data-settings=\"{&quot;background_background&quot;:&quot;classic&quot;}\">\n\t\t\t<div class=\"elementor-column-wrap elementor-element-populated\">\n\t\t\t\t\t\t\t<div class=\"elementor-widget-wrap\">\n\t\t\t\t\t\t<div class=\"elementor-element elementor-element-6835420 elementor-widget elementor-widget-spacer\" data-id=\"6835420\" data-element_type=\"widget\" data-widget_type=\"spacer.default\">\n\t\t\t\t<div class=\"elementor-widget-container\">\n\t\t\t\t\t<div class=\"elementor-spacer\">\n\t\t\t<div class=\"elementor-spacer-inner\"><\/div>\n\t\t<\/div>\n\t\t\t\t<\/div>\n\t\t\t\t<\/div>\n\t\t\t\t<div class=\"elementor-element elementor-element-b74f1c2 elementor-widget elementor-widget-heading\" data-id=\"b74f1c2\" data-element_type=\"widget\" data-widget_type=\"heading.default\">\n\t\t\t\t<div class=\"elementor-widget-container\">\n\t\t\t<h2 class=\"elementor-heading-title elementor-size-default\">Contactez-nous<\/h2>\t\t<\/div>\n\t\t\t\t<\/div>\n\t\t\t\t<div class=\"elementor-element elementor-element-aecb579 elementor-button-align-center elementor-widget elementor-widget-form\" data-id=\"aecb579\" data-element_type=\"widget\" data-settings=\"{&quot;step_next_label&quot;:&quot;Suivant&quot;,&quot;step_previous_label&quot;:&quot;Pr\\u00e9c\\u00e9dent&quot;,&quot;button_width&quot;:&quot;100&quot;,&quot;step_type&quot;:&quot;number_text&quot;,&quot;step_icon_shape&quot;:&quot;circle&quot;}\" data-widget_type=\"form.default\">\n\t\t\t\t<div class=\"elementor-widget-container\">\n\t\t\t\t\t<form class=\"elementor-form\" method=\"post\" name=\"Contactez-nous\">\n\t\t\t<input type=\"hidden\" name=\"post_id\" value=\"10\"\/>\n\t\t\t<input type=\"hidden\" name=\"form_id\" value=\"aecb579\"\/>\n\t\t\t<input type=\"hidden\" name=\"referer_title\" value=\"Centre Oasis\" \/>\n\n\t\t\t\n\t\t\t<div class=\"elementor-form-fields-wrapper elementor-labels-above\">\n\t\t\t\t\t\t\t\t<div class=\"elementor-field-type-text elementor-field-group elementor-column elementor-field-group-name elementor-col-100 elementor-field-required elementor-mark-required\">\n\t\t\t\t\t<label for=\"form-field-name\" class=\"elementor-field-label\">Nom et Pr\u00e9nom<\/label><input size=\"1\" type=\"text\" name=\"form_fields[name]\" id=\"form-field-name\" class=\"elementor-field elementor-size-sm  elementor-field-textual\" required=\"required\" aria-required=\"true\">\t\t\t\t<\/div>\n\t\t\t\t\t\t\t\t<div class=\"elementor-field-type-email elementor-field-group elementor-column elementor-field-group-email elementor-col-100 elementor-field-required elementor-mark-required\">\n\t\t\t\t\t<label for=\"form-field-email\" class=\"elementor-field-label\">Email<\/label><input size=\"1\" type=\"email\" name=\"form_fields[email]\" id=\"form-field-email\" class=\"elementor-field elementor-size-sm  elementor-field-textual\" required=\"required\" aria-required=\"true\">\t\t\t\t<\/div>\n\t\t\t\t\t\t\t\t<div class=\"elementor-field-type-email elementor-field-group elementor-column elementor-field-group-field_7e60288 elementor-col-100 elementor-field-required elementor-mark-required\">\n\t\t\t\t\t<label for=\"form-field-field_7e60288\" class=\"elementor-field-label\">Num\u00e9ro de t\u00e9l\u00e9phone<\/label><input size=\"1\" type=\"email\" name=\"form_fields[field_7e60288]\" id=\"form-field-field_7e60288\" class=\"elementor-field elementor-size-sm  elementor-field-textual\" required=\"required\" aria-required=\"true\">\t\t\t\t<\/div>\n\t\t\t\t\t\t\t\t<div class=\"elementor-field-type-textarea elementor-field-group elementor-column elementor-field-group-message elementor-col-100 elementor-field-required elementor-mark-required\">\n\t\t\t\t\t<label for=\"form-field-message\" class=\"elementor-field-label\">Message<\/label><textarea class=\"elementor-field-textual elementor-field  elementor-size-sm\" name=\"form_fields[message]\" id=\"form-field-message\" rows=\"4\" required=\"required\" aria-required=\"true\"><\/textarea>\t\t\t\t<\/div>\n\t\t\t\t\t\t\t\t<div class=\"elementor-field-type-checkbox elementor-field-group elementor-column elementor-field-group-field_d080eac elementor-col-100\">\n\t\t\t\t\t<div class=\"elementor-field-subgroup  \"><span class=\"elementor-field-option\"><input type=\"checkbox\" value=\"J&#039;accepte la &lt;a href=&quot;https:\/\/www.centreoasis.fr\/index.php\/politique-de-confidentialite\/&quot;&gt; politique de confidentialit\u00e9 &lt;\/a&gt; de ce site.\" id=\"form-field-field_d080eac-0\" name=\"form_fields[field_d080eac]\"> <label for=\"form-field-field_d080eac-0\">J'accepte la <a href=\"https:\/\/www.centreoasis.fr\/index.php\/politique-de-confidentialite\/\"> politique de confidentialit\u00e9 <\/a> de ce site.<\/label><\/span><\/div>\t\t\t\t<\/div>\n\t\t\t\t\t\t\t\t<div class=\"elementor-field-type-recaptcha_v3 elementor-field-group elementor-column elementor-field-group-field_9b93df6 elementor-col-100 recaptcha_v3-bottomright\">\n\t\t\t\t\t<div class=\"elementor-field\" id=\"form-field-field_9b93df6\"><div class=\"elementor-g-recaptcha\" data-sitekey=\"6Ld0-fQcAAAAAP23XUWXghT-J_VGXED_wO3KQj-Y\" data-type=\"v3\" data-action=\"Form\" data-badge=\"bottomright\" data-size=\"invisible\"><\/div><\/div>\t\t\t\t<\/div>\n\t\t\t\t\t\t\t\t<div class=\"elementor-field-group elementor-column elementor-field-type-submit elementor-col-100 e-form__buttons\">\n\t\t\t\t\t<button type=\"submit\" class=\"elementor-button elementor-size-sm\">\n\t\t\t\t\t\t<span >\n\t\t\t\t\t\t\t\t\t\t\t\t\t\t\t<span class=\" elementor-button-icon\">\n\t\t\t\t\t\t\t\t\t\t\t\t\t\t\t\t\t\t\t\t\t\t\t\t\t\t<\/span>\n\t\t\t\t\t\t\t\t\t\t\t\t\t\t\t\t\t\t\t\t\t\t<span class=\"elementor-button-text\">Envoyer<\/span>\n\t\t\t\t\t\t\t\t\t\t\t\t\t<\/span>\n\t\t\t\t\t<\/button>\n\t\t\t\t<\/div>\n\t\t\t<\/div>\n\t\t<\/form>\n\t\t\t\t<\/div>\n\t\t\t\t<\/div>\n\t\t\t\t<div class=\"elementor-element elementor-element-02f05f7 elementor-widget elementor-widget-spacer\" data-id=\"02f05f7\" data-element_type=\"widget\" data-widget_type=\"spacer.default\">\n\t\t\t\t<div class=\"elementor-widget-container\">\n\t\t\t\t\t<div class=\"elementor-spacer\">\n\t\t\t<div class=\"elementor-spacer-inner\"><\/div>\n\t\t<\/div>\n\t\t\t\t<\/div>\n\t\t\t\t<\/div>\n\t\t\t\t\t\t<\/div>\n\t\t\t\t\t<\/div>\n\t\t<\/div>\n\t\t\t\t<div class=\"elementor-column elementor-col-33 elementor-top-column elementor-element elementor-element-e7737fd\" data-id=\"e7737fd\" data-element_type=\"column\">\n\t\t\t<div class=\"elementor-column-wrap elementor-element-populated\">\n\t\t\t\t\t\t\t<div class=\"elementor-widget-wrap\">\n\t\t\t\t\t\t<div class=\"elementor-element elementor-element-fdd7761 elementor-hidden-phone elementor-widget elementor-widget-spacer\" data-id=\"fdd7761\" data-element_type=\"widget\" data-widget_type=\"spacer.default\">\n\t\t\t\t<div class=\"elementor-widget-container\">\n\t\t\t\t\t<div class=\"elementor-spacer\">\n\t\t\t<div class=\"elementor-spacer-inner\"><\/div>\n\t\t<\/div>\n\t\t\t\t<\/div>\n\t\t\t\t<\/div>\n\t\t\t\t<div class=\"elementor-element elementor-element-2b21320 elementor-mobile-align-center elementor-icon-list--layout-traditional elementor-list-item-link-full_width elementor-widget elementor-widget-icon-list\" data-id=\"2b21320\" data-element_type=\"widget\" data-widget_type=\"icon-list.default\">\n\t\t\t\t<div class=\"elementor-widget-container\">\n\t\t\t\t\t<ul class=\"elementor-icon-list-items\">\n\t\t\t\t\t\t\t<li class=\"elementor-icon-list-item\">\n\t\t\t\t\t\t\t\t\t\t\t<span class=\"elementor-icon-list-icon\">\n\t\t\t\t\t\t\t<i aria-hidden=\"true\" class=\"fas fa-map-marker-alt\"><\/i>\t\t\t\t\t\t<\/span>\n\t\t\t\t\t\t\t\t\t\t<span class=\"elementor-icon-list-text\">11 all\u00e9e de la p\u00e9pini\u00e8re  80480 - Dury<\/span>\n\t\t\t\t\t\t\t\t\t<\/li>\n\t\t\t\t\t\t\t\t<li class=\"elementor-icon-list-item\">\n\t\t\t\t\t\t\t\t\t\t\t<span class=\"elementor-icon-list-icon\">\n\t\t\t\t\t\t\t<i aria-hidden=\"true\" class=\"fas fa-phone-alt\"><\/i>\t\t\t\t\t\t<\/span>\n\t\t\t\t\t\t\t\t\t\t<span class=\"elementor-icon-list-text\">03.22.45.01.09<\/span>\n\t\t\t\t\t\t\t\t\t<\/li>\n\t\t\t\t\t\t\t\t<li class=\"elementor-icon-list-item\">\n\t\t\t\t\t\t\t\t\t\t\t<span class=\"elementor-icon-list-icon\">\n\t\t\t\t\t\t\t<i aria-hidden=\"true\" class=\"far fa-clock\"><\/i>\t\t\t\t\t\t<\/span>\n\t\t\t\t\t\t\t\t\t\t<span class=\"elementor-icon-list-text\">09h00 - 18h00<\/span>\n\t\t\t\t\t\t\t\t\t<\/li>\n\t\t\t\t\t\t<\/ul>\n\t\t\t\t<\/div>\n\t\t\t\t<\/div>\n\t\t\t\t\t\t<\/div>\n\t\t\t\t\t<\/div>\n\t\t<\/div>\n\t\t\t\t\t\t\t\t<\/div>\n\t\t\t\t\t<\/div>\n\t\t<\/section>\n\t\t\t\t\t\t<\/div>\n\t\t\t\t\t\t<\/div>\n\t\t\t\t\t<\/div>\n\t\t","protected":false},"excerpt":{"rendered":"<p>Contactez-nous 11 all\u00e9e de la p\u00e9pini\u00e8re 80480 &#8211; Dury 03.22.45.01.09 09h00 &#8211; 18h00<\/p>\n","protected":false},"author":3,"featured_media":0,"parent":0,"menu_order":0,"comment_status":"closed","ping_status":"closed","template":"elementor_header_footer","meta":[],"yoast_head":"<!-- This site is optimized with the Yoast SEO plugin v17.4 - https:\/\/yoast.com\/wordpress\/plugins\/seo\/ -->\n<title>Contact Centre d&#039;Activit\u00e9s Oasis - Amiens - Cliquer ici !<\/title>\n<meta name=\"description\" content=\"Pour prendre contact avec le Centre Oasis vous pouvez passer en agence, nous contacter 03.22.45.01.09, ou nous envoyer un mail en cliquant sur le lien ci-dessus.\" \/>\n<meta name=\"robots\" content=\"index, follow, max-snippet:-1, max-image-preview:large, max-video-preview:-1\" \/>\n<link rel=\"canonical\" href=\"https:\/\/www.centreoasis.fr\/index.php\/contact\/\" \/>\n<meta property=\"og:locale\" content=\"fr_FR\" \/>\n<meta property=\"og:type\" content=\"article\" \/>\n<meta property=\"og:title\" content=\"Contact Centre d&#039;Activit\u00e9s Oasis - Amiens - Cliquer ici !\" \/>\n<meta property=\"og:description\" content=\"Pour prendre contact avec le Centre Oasis vous pouvez passer en agence, nous contacter 03.22.45.01.09, ou nous envoyer un mail en cliquant sur le lien ci-dessus.\" \/>\n<meta property=\"og:url\" content=\"https:\/\/www.centreoasis.fr\/index.php\/contact\/\" \/>\n<meta property=\"og:site_name\" content=\"Centre Oasis\" \/>\n<meta property=\"article:publisher\" content=\"https:\/\/www.facebook.com\/centreoasisdury\/\" \/>\n<meta property=\"article:modified_time\" content=\"2021-10-26T12:59:51+00:00\" \/>\n<meta name=\"twitter:card\" content=\"summary_large_image\" \/>\n<meta name=\"twitter:label1\" content=\"Dur\u00e9e de lecture est.\" \/>\n\t<meta name=\"twitter:data1\" content=\"1 minute\" \/>\n<script type=\"application\/ld+json\" class=\"yoast-schema-graph\">{\"@context\":\"https:\/\/schema.org\",\"@graph\":[{\"@type\":\"Organization\",\"@id\":\"https:\/\/www.centreoasis.fr\/#organization\",\"name\":\"Centre d\\u2019activit\\u00e9s OASIS\",\"url\":\"https:\/\/www.centreoasis.fr\/\",\"sameAs\":[\"https:\/\/www.facebook.com\/centreoasisdury\/\",\"https:\/\/www.linkedin.com\/showcase\/centreoasisdury\/\"],\"logo\":{\"@type\":\"ImageObject\",\"@id\":\"https:\/\/www.centreoasis.fr\/#logo\",\"inLanguage\":\"fr-FR\",\"url\":\"https:\/\/www.centreoasis.fr\/wp-content\/uploads\/2020\/06\/logo_CENTREOASIS.png\",\"contentUrl\":\"https:\/\/www.centreoasis.fr\/wp-content\/uploads\/2020\/06\/logo_CENTREOASIS.png\",\"width\":307,\"height\":410,\"caption\":\"Centre d\\u2019activit\\u00e9s OASIS\"},\"image\":{\"@id\":\"https:\/\/www.centreoasis.fr\/#logo\"}},{\"@type\":\"WebSite\",\"@id\":\"https:\/\/www.centreoasis.fr\/#website\",\"url\":\"https:\/\/www.centreoasis.fr\/\",\"name\":\"Centre Oasis\",\"description\":\"\",\"publisher\":{\"@id\":\"https:\/\/www.centreoasis.fr\/#organization\"},\"potentialAction\":[{\"@type\":\"SearchAction\",\"target\":{\"@type\":\"EntryPoint\",\"urlTemplate\":\"https:\/\/www.centreoasis.fr\/?s={search_term_string}\"},\"query-input\":\"required name=search_term_string\"}],\"inLanguage\":\"fr-FR\"},{\"@type\":\"WebPage\",\"@id\":\"https:\/\/www.centreoasis.fr\/index.php\/contact\/#webpage\",\"url\":\"https:\/\/www.centreoasis.fr\/index.php\/contact\/\",\"name\":\"Contact Centre d'Activit\\u00e9s Oasis - Amiens - Cliquer ici !\",\"isPartOf\":{\"@id\":\"https:\/\/www.centreoasis.fr\/#website\"},\"datePublished\":\"2020-05-04T13:35:25+00:00\",\"dateModified\":\"2021-10-26T12:59:51+00:00\",\"description\":\"Pour prendre contact avec le Centre Oasis vous pouvez passer en agence, nous contacter 03.22.45.01.09, ou nous envoyer un mail en cliquant sur le lien ci-dessus.\",\"breadcrumb\":{\"@id\":\"https:\/\/www.centreoasis.fr\/index.php\/contact\/#breadcrumb\"},\"inLanguage\":\"fr-FR\",\"potentialAction\":[{\"@type\":\"ReadAction\",\"target\":[\"https:\/\/www.centreoasis.fr\/index.php\/contact\/\"]}]},{\"@type\":\"BreadcrumbList\",\"@id\":\"https:\/\/www.centreoasis.fr\/index.php\/contact\/#breadcrumb\",\"itemListElement\":[{\"@type\":\"ListItem\",\"position\":1,\"name\":\"Accueil\",\"item\":\"https:\/\/www.centreoasis.fr\/\"},{\"@type\":\"ListItem\",\"position\":2,\"name\":\"Contact\"}]}]}<\/script>\n<!-- \/ Yoast SEO plugin. -->","yoast_head_json":{"title":"Contact Centre d'Activit\u00e9s Oasis - Amiens - Cliquer ici !","description":"Pour prendre contact avec le Centre Oasis vous pouvez passer en agence, nous contacter 03.22.45.01.09, ou nous envoyer un mail en cliquant sur le lien ci-dessus.","robots":{"index":"index","follow":"follow","max-snippet":"max-snippet:-1","max-image-preview":"max-image-preview:large","max-video-preview":"max-video-preview:-1"},"canonical":"https:\/\/www.centreoasis.fr\/index.php\/contact\/","og_locale":"fr_FR","og_type":"article","og_title":"Contact Centre d'Activit\u00e9s Oasis - Amiens - Cliquer ici !","og_description":"Pour prendre contact avec le Centre Oasis vous pouvez passer en agence, nous contacter 03.22.45.01.09, ou nous envoyer un mail en cliquant sur le lien ci-dessus.","og_url":"https:\/\/www.centreoasis.fr\/index.php\/contact\/","og_site_name":"Centre Oasis","article_publisher":"https:\/\/www.facebook.com\/centreoasisdury\/","article_modified_time":"2021-10-26T12:59:51+00:00","twitter_card":"summary_large_image","twitter_misc":{"Dur\u00e9e de lecture est.":"1 minute"},"schema":{"@context":"https:\/\/schema.org","@graph":[{"@type":"Organization","@id":"https:\/\/www.centreoasis.fr\/#organization","name":"Centre d\u2019activit\u00e9s OASIS","url":"https:\/\/www.centreoasis.fr\/","sameAs":["https:\/\/www.facebook.com\/centreoasisdury\/","https:\/\/www.linkedin.com\/showcase\/centreoasisdury\/"],"logo":{"@type":"ImageObject","@id":"https:\/\/www.centreoasis.fr\/#logo","inLanguage":"fr-FR","url":"https:\/\/www.centreoasis.fr\/wp-content\/uploads\/2020\/06\/logo_CENTREOASIS.png","contentUrl":"https:\/\/www.centreoasis.fr\/wp-content\/uploads\/2020\/06\/logo_CENTREOASIS.png","width":307,"height":410,"caption":"Centre d\u2019activit\u00e9s OASIS"},"image":{"@id":"https:\/\/www.centreoasis.fr\/#logo"}},{"@type":"WebSite","@id":"https:\/\/www.centreoasis.fr\/#website","url":"https:\/\/www.centreoasis.fr\/","name":"Centre Oasis","description":"","publisher":{"@id":"https:\/\/www.centreoasis.fr\/#organization"},"potentialAction":[{"@type":"SearchAction","target":{"@type":"EntryPoint","urlTemplate":"https:\/\/www.centreoasis.fr\/?s={search_term_string}"},"query-input":"required name=search_term_string"}],"inLanguage":"fr-FR"},{"@type":"WebPage","@id":"https:\/\/www.centreoasis.fr\/index.php\/contact\/#webpage","url":"https:\/\/www.centreoasis.fr\/index.php\/contact\/","name":"Contact Centre d'Activit\u00e9s Oasis - Amiens - Cliquer ici !","isPartOf":{"@id":"https:\/\/www.centreoasis.fr\/#website"},"datePublished":"2020-05-04T13:35:25+00:00","dateModified":"2021-10-26T12:59:51+00:00","description":"Pour prendre contact avec le Centre Oasis vous pouvez passer en agence, nous contacter 03.22.45.01.09, ou nous envoyer un mail en cliquant sur le lien ci-dessus.","breadcrumb":{"@id":"https:\/\/www.centreoasis.fr\/index.php\/contact\/#breadcrumb"},"inLanguage":"fr-FR","potentialAction":[{"@type":"ReadAction","target":["https:\/\/www.centreoasis.fr\/index.php\/contact\/"]}]},{"@type":"BreadcrumbList","@id":"https:\/\/www.centreoasis.fr\/index.php\/contact\/#breadcrumb","itemListElement":[{"@type":"ListItem","position":1,"name":"Accueil","item":"https:\/\/www.centreoasis.fr\/"},{"@type":"ListItem","position":2,"name":"Contact"}]}]}},"_links":{"self":[{"href":"https:\/\/www.centreoasis.fr\/index.php\/wp-json\/wp\/v2\/pages\/10"}],"collection":[{"href":"https:\/\/www.centreoasis.fr\/index.php\/wp-json\/wp\/v2\/pages"}],"about":[{"href":"https:\/\/www.centreoasis.fr\/index.php\/wp-json\/wp\/v2\/types\/page"}],"author":[{"embeddable":true,"href":"https:\/\/www.centreoasis.fr\/index.php\/wp-json\/wp\/v2\/users\/3"}],"replies":[{"embeddable":true,"href":"https:\/\/www.centreoasis.fr\/index.php\/wp-json\/wp\/v2\/comments?post=10"}],"version-history":[{"count":32,"href":"https:\/\/www.centreoasis.fr\/index.php\/wp-json\/wp\/v2\/pages\/10\/revisions"}],"predecessor-version":[{"id":1105,"href":"https:\/\/www.centreoasis.fr\/index.php\/wp-json\/wp\/v2\/pages\/10\/revisions\/1105"}],"wp:attachment":[{"href":"https:\/\/www.centreoasis.fr\/index.php\/wp-json\/wp\/v2\/media?parent=10"}],"curies":[{"name":"wp","href":"https:\/\/api.w.org\/{rel}","templated":true}]}}